{"id":42902,"date":"2021-11-14T08:00:21","date_gmt":"2021-11-11T14:12:31","guid":{"rendered":"https:\/\/shortishworld.com\/?post_type=product&#038;p=42902"},"modified":"2022-02-24T06:09:29","modified_gmt":"2022-02-24T05:09:29","slug":"mint-lines-t-shirt","status":"publish","type":"product","link":"https:\/\/shortishworld.com\/en\/product\/mint-lines-t-shirt\/","title":{"rendered":"MINT LINES TOP"},"content":{"rendered":"","protected":false},"excerpt":{"rendered":"<p>Camiseta tejido jersey el\u00e1stica de manga larga de algod\u00f3n org\u00e1nico color mint suave, con estampado minimalista de micro l\u00edneas negras.<br \/>\nEs de esas prendas sin g\u00e9nero pero con estilo, que son molonas. De esas prendas que levantan un look b\u00e1sico en un pis pas. Esa prenda comod\u00edn especial que al final va a acabar usando por su comodidad extrema.<\/p>\n<p>[accordions id=\"41454\"]<br \/>\n[accordions id='41461']<br \/>\n[accordions id='41456']<br \/>\n[accordions id='41455']<\/p>\n","protected":false},"featured_media":44222,"template":"","meta":{"_acf_changed":false,"_exactmetrics_skip_tracking":false,"_exactmetrics_sitenote_active":false,"_exactmetrics_sitenote_note":"","_exactmetrics_sitenote_category":0,"_joinchat":[]},"product_brand":[],"product_cat":[485,395,428],"product_tag":[],"class_list":{"0":"post-42902","1":"product","2":"type-product","3":"status-publish","4":"has-post-thumbnail","6":"product_cat-kids-en","7":"product_cat-see-all","8":"product_cat-tshirts-boy","10":"first","11":"outofstock","12":"taxable","13":"shipping-taxable","14":"purchasable","15":"product-type-variable","16":"add-to-wishlist-after_add_to_cart"},"acf":[],"yoast_head":"<!-- This site is optimized with the Yoast SEO plugin v27.3 - https:\/\/yoast.com\/product\/yoast-seo-wordpress\/ -->\n<title>MINT LINES TOP - SHORTISH<\/title>\n<meta name=\"description\" content=\"Long-sleeved stretch jersey t-shirt in soft mint-coloured organic cotton, with a minimalist print of black micro lines for an urban look, one of those genderless but stylish garments that are cool. One of those garments that lift a basic look in no time at all. That special wildcard garment that you will end up wearing in the end because of its extreme comfort.\" \/>\n<meta name=\"robots\" content=\"index, follow, max-snippet:-1, max-image-preview:large, max-video-preview:-1\" \/>\n<link rel=\"canonical\" href=\"https:\/\/shortishworld.com\/product\/camiseta-mint-lines\/\" \/>\n<meta property=\"og:locale\" content=\"en_US\" \/>\n<meta property=\"og:type\" content=\"article\" \/>\n<meta property=\"og:title\" content=\"MINT LINES TOP - SHORTISH\" \/>\n<meta property=\"og:description\" content=\"Long-sleeved stretch jersey t-shirt in soft mint-coloured organic cotton, with a minimalist print of black micro lines for an urban look, one of those genderless but stylish garments that are cool. One of those garments that lift a basic look in no time at all. That special wildcard garment that you will end up wearing in the end because of its extreme comfort.\" \/>\n<meta property=\"og:url\" content=\"https:\/\/shortishworld.com\/product\/camiseta-mint-lines\/\" \/>\n<meta property=\"og:site_name\" content=\"SHORTISH\" \/>\n<meta property=\"article:publisher\" content=\"https:\/\/www.facebook.com\/Shortishworld\/\" \/>\n<meta property=\"article:modified_time\" content=\"2022-02-24T05:09:29+00:00\" \/>\n<meta property=\"og:image\" content=\"https:\/\/shortishworld.com\/wp-content\/uploads\/2021\/11\/camiseta-de-rayas-verde-mint-de-algodon-organico-delantero-shortish-1.jpg\" \/>\n\t<meta property=\"og:image:width\" content=\"1024\" \/>\n\t<meta property=\"og:image:height\" content=\"1536\" \/>\n\t<meta property=\"og:image:type\" content=\"image\/jpeg\" \/>\n<meta name=\"twitter:card\" content=\"summary_large_image\" \/>\n<script type=\"application\/ld+json\" class=\"yoast-schema-graph\">{\"@context\":\"https:\\\/\\\/schema.org\",\"@graph\":[{\"@type\":\"WebPage\",\"@id\":\"https:\\\/\\\/shortishworld.com\\\/product\\\/camiseta-mint-lines\\\/\",\"url\":\"https:\\\/\\\/shortishworld.com\\\/product\\\/camiseta-mint-lines\\\/\",\"name\":\"MINT LINES TOP - SHORTISH\",\"isPartOf\":{\"@id\":\"https:\\\/\\\/shortishworld.com\\\/en\\\/#website\"},\"primaryImageOfPage\":{\"@id\":\"https:\\\/\\\/shortishworld.com\\\/product\\\/camiseta-mint-lines\\\/#primaryimage\"},\"image\":{\"@id\":\"https:\\\/\\\/shortishworld.com\\\/product\\\/camiseta-mint-lines\\\/#primaryimage\"},\"thumbnailUrl\":\"https:\\\/\\\/shortishworld.com\\\/wp-content\\\/uploads\\\/2021\\\/11\\\/camiseta-de-rayas-verde-mint-de-algodon-organico-delantero-shortish-1.jpg\",\"datePublished\":\"2021-11-11T14:12:31+00:00\",\"dateModified\":\"2022-02-24T05:09:29+00:00\",\"description\":\"Long-sleeved stretch jersey t-shirt in soft mint-coloured organic cotton, with a minimalist print of black micro lines for an urban look, one of those genderless but stylish garments that are cool. One of those garments that lift a basic look in no time at all. That special wildcard garment that you will end up wearing in the end because of its extreme comfort.\",\"breadcrumb\":{\"@id\":\"https:\\\/\\\/shortishworld.com\\\/product\\\/camiseta-mint-lines\\\/#breadcrumb\"},\"inLanguage\":\"en-US\",\"potentialAction\":[{\"@type\":\"ReadAction\",\"target\":[\"https:\\\/\\\/shortishworld.com\\\/product\\\/camiseta-mint-lines\\\/\"]}]},{\"@type\":\"ImageObject\",\"inLanguage\":\"en-US\",\"@id\":\"https:\\\/\\\/shortishworld.com\\\/product\\\/camiseta-mint-lines\\\/#primaryimage\",\"url\":\"https:\\\/\\\/shortishworld.com\\\/wp-content\\\/uploads\\\/2021\\\/11\\\/camiseta-de-rayas-verde-mint-de-algodon-organico-delantero-shortish-1.jpg\",\"contentUrl\":\"https:\\\/\\\/shortishworld.com\\\/wp-content\\\/uploads\\\/2021\\\/11\\\/camiseta-de-rayas-verde-mint-de-algodon-organico-delantero-shortish-1.jpg\",\"width\":1024,\"height\":1536},{\"@type\":\"BreadcrumbList\",\"@id\":\"https:\\\/\\\/shortishworld.com\\\/product\\\/camiseta-mint-lines\\\/#breadcrumb\",\"itemListElement\":[{\"@type\":\"ListItem\",\"position\":1,\"name\":\"Home\",\"item\":\"https:\\\/\\\/shortishworld.com\\\/en\\\/\"},{\"@type\":\"ListItem\",\"position\":2,\"name\":\"Tienda\",\"item\":\"https:\\\/\\\/shortishworld.com\\\/tienda\\\/\"},{\"@type\":\"ListItem\",\"position\":3,\"name\":\"MINT LINES TOP\"}]},{\"@type\":\"WebSite\",\"@id\":\"https:\\\/\\\/shortishworld.com\\\/en\\\/#website\",\"url\":\"https:\\\/\\\/shortishworld.com\\\/en\\\/\",\"name\":\"SHORTISH\",\"description\":\"Ropa urbana sostenible para ni&ntilde;os inconformistas\",\"publisher\":{\"@id\":\"https:\\\/\\\/shortishworld.com\\\/en\\\/#organization\"},\"potentialAction\":[{\"@type\":\"SearchAction\",\"target\":{\"@type\":\"EntryPoint\",\"urlTemplate\":\"https:\\\/\\\/shortishworld.com\\\/en\\\/?s={search_term_string}\"},\"query-input\":{\"@type\":\"PropertyValueSpecification\",\"valueRequired\":true,\"valueName\":\"search_term_string\"}}],\"inLanguage\":\"en-US\"},{\"@type\":\"Organization\",\"@id\":\"https:\\\/\\\/shortishworld.com\\\/en\\\/#organization\",\"name\":\"SHORTISH\",\"url\":\"https:\\\/\\\/shortishworld.com\\\/en\\\/\",\"logo\":{\"@type\":\"ImageObject\",\"inLanguage\":\"en-US\",\"@id\":\"https:\\\/\\\/shortishworld.com\\\/en\\\/#\\\/schema\\\/logo\\\/image\\\/\",\"url\":\"https:\\\/\\\/shortishworld.com\\\/wp-content\\\/uploads\\\/2014\\\/12\\\/Logo-Shortish-72ppp-01-e1504825688244.png\",\"contentUrl\":\"https:\\\/\\\/shortishworld.com\\\/wp-content\\\/uploads\\\/2014\\\/12\\\/Logo-Shortish-72ppp-01-e1504825688244.png\",\"width\":226,\"height\":226,\"caption\":\"SHORTISH\"},\"image\":{\"@id\":\"https:\\\/\\\/shortishworld.com\\\/en\\\/#\\\/schema\\\/logo\\\/image\\\/\"},\"sameAs\":[\"https:\\\/\\\/www.facebook.com\\\/Shortishworld\\\/\",\"https:\\\/\\\/www.instagram.com\\\/shortishworld\\\/\"]}]}<\/script>\n<!-- \/ Yoast SEO plugin. -->","yoast_head_json":{"title":"MINT LINES TOP - SHORTISH","description":"Long-sleeved stretch jersey t-shirt in soft mint-coloured organic cotton, with a minimalist print of black micro lines for an urban look, one of those genderless but stylish garments that are cool. One of those garments that lift a basic look in no time at all. That special wildcard garment that you will end up wearing in the end because of its extreme comfort.","robots":{"index":"index","follow":"follow","max-snippet":"max-snippet:-1","max-image-preview":"max-image-preview:large","max-video-preview":"max-video-preview:-1"},"canonical":"https:\/\/shortishworld.com\/product\/camiseta-mint-lines\/","og_locale":"en_US","og_type":"article","og_title":"MINT LINES TOP - SHORTISH","og_description":"Long-sleeved stretch jersey t-shirt in soft mint-coloured organic cotton, with a minimalist print of black micro lines for an urban look, one of those genderless but stylish garments that are cool. One of those garments that lift a basic look in no time at all. That special wildcard garment that you will end up wearing in the end because of its extreme comfort.","og_url":"https:\/\/shortishworld.com\/product\/camiseta-mint-lines\/","og_site_name":"SHORTISH","article_publisher":"https:\/\/www.facebook.com\/Shortishworld\/","article_modified_time":"2022-02-24T05:09:29+00:00","og_image":[{"width":1024,"height":1536,"url":"https:\/\/shortishworld.com\/wp-content\/uploads\/2021\/11\/camiseta-de-rayas-verde-mint-de-algodon-organico-delantero-shortish-1.jpg","type":"image\/jpeg"}],"twitter_card":"summary_large_image","schema":{"@context":"https:\/\/schema.org","@graph":[{"@type":"WebPage","@id":"https:\/\/shortishworld.com\/product\/camiseta-mint-lines\/","url":"https:\/\/shortishworld.com\/product\/camiseta-mint-lines\/","name":"MINT LINES TOP - SHORTISH","isPartOf":{"@id":"https:\/\/shortishworld.com\/en\/#website"},"primaryImageOfPage":{"@id":"https:\/\/shortishworld.com\/product\/camiseta-mint-lines\/#primaryimage"},"image":{"@id":"https:\/\/shortishworld.com\/product\/camiseta-mint-lines\/#primaryimage"},"thumbnailUrl":"https:\/\/shortishworld.com\/wp-content\/uploads\/2021\/11\/camiseta-de-rayas-verde-mint-de-algodon-organico-delantero-shortish-1.jpg","datePublished":"2021-11-11T14:12:31+00:00","dateModified":"2022-02-24T05:09:29+00:00","description":"Long-sleeved stretch jersey t-shirt in soft mint-coloured organic cotton, with a minimalist print of black micro lines for an urban look, one of those genderless but stylish garments that are cool. One of those garments that lift a basic look in no time at all. That special wildcard garment that you will end up wearing in the end because of its extreme comfort.","breadcrumb":{"@id":"https:\/\/shortishworld.com\/product\/camiseta-mint-lines\/#breadcrumb"},"inLanguage":"en-US","potentialAction":[{"@type":"ReadAction","target":["https:\/\/shortishworld.com\/product\/camiseta-mint-lines\/"]}]},{"@type":"ImageObject","inLanguage":"en-US","@id":"https:\/\/shortishworld.com\/product\/camiseta-mint-lines\/#primaryimage","url":"https:\/\/shortishworld.com\/wp-content\/uploads\/2021\/11\/camiseta-de-rayas-verde-mint-de-algodon-organico-delantero-shortish-1.jpg","contentUrl":"https:\/\/shortishworld.com\/wp-content\/uploads\/2021\/11\/camiseta-de-rayas-verde-mint-de-algodon-organico-delantero-shortish-1.jpg","width":1024,"height":1536},{"@type":"BreadcrumbList","@id":"https:\/\/shortishworld.com\/product\/camiseta-mint-lines\/#breadcrumb","itemListElement":[{"@type":"ListItem","position":1,"name":"Home","item":"https:\/\/shortishworld.com\/en\/"},{"@type":"ListItem","position":2,"name":"Tienda","item":"https:\/\/shortishworld.com\/tienda\/"},{"@type":"ListItem","position":3,"name":"MINT LINES TOP"}]},{"@type":"WebSite","@id":"https:\/\/shortishworld.com\/en\/#website","url":"https:\/\/shortishworld.com\/en\/","name":"SHORTISH","description":"Ropa urbana sostenible para ni&ntilde;os inconformistas","publisher":{"@id":"https:\/\/shortishworld.com\/en\/#organization"},"potentialAction":[{"@type":"SearchAction","target":{"@type":"EntryPoint","urlTemplate":"https:\/\/shortishworld.com\/en\/?s={search_term_string}"},"query-input":{"@type":"PropertyValueSpecification","valueRequired":true,"valueName":"search_term_string"}}],"inLanguage":"en-US"},{"@type":"Organization","@id":"https:\/\/shortishworld.com\/en\/#organization","name":"SHORTISH","url":"https:\/\/shortishworld.com\/en\/","logo":{"@type":"ImageObject","inLanguage":"en-US","@id":"https:\/\/shortishworld.com\/en\/#\/schema\/logo\/image\/","url":"https:\/\/shortishworld.com\/wp-content\/uploads\/2014\/12\/Logo-Shortish-72ppp-01-e1504825688244.png","contentUrl":"https:\/\/shortishworld.com\/wp-content\/uploads\/2014\/12\/Logo-Shortish-72ppp-01-e1504825688244.png","width":226,"height":226,"caption":"SHORTISH"},"image":{"@id":"https:\/\/shortishworld.com\/en\/#\/schema\/logo\/image\/"},"sameAs":["https:\/\/www.facebook.com\/Shortishworld\/","https:\/\/www.instagram.com\/shortishworld\/"]}]}},"_links":{"self":[{"href":"https:\/\/shortishworld.com\/en\/wp-json\/wp\/v2\/product\/42902","targetHints":{"allow":["GET"]}}],"collection":[{"href":"https:\/\/shortishworld.com\/en\/wp-json\/wp\/v2\/product"}],"about":[{"href":"https:\/\/shortishworld.com\/en\/wp-json\/wp\/v2\/types\/product"}],"wp:featuredmedia":[{"embeddable":true,"href":"https:\/\/shortishworld.com\/en\/wp-json\/wp\/v2\/media\/44222"}],"wp:attachment":[{"href":"https:\/\/shortishworld.com\/en\/wp-json\/wp\/v2\/media?parent=42902"}],"wp:term":[{"taxonomy":"product_brand","embeddable":true,"href":"https:\/\/shortishworld.com\/en\/wp-json\/wp\/v2\/product_brand?post=42902"},{"taxonomy":"product_cat","embeddable":true,"href":"https:\/\/shortishworld.com\/en\/wp-json\/wp\/v2\/product_cat?post=42902"},{"taxonomy":"product_tag","embeddable":true,"href":"https:\/\/shortishworld.com\/en\/wp-json\/wp\/v2\/product_tag?post=42902"}],"curies":[{"name":"wp","href":"https:\/\/api.w.org\/{rel}","templated":true}]}}