{"id":44688,"date":"2021-12-02T15:41:38","date_gmt":"2021-12-02T14:41:38","guid":{"rendered":"https:\/\/shortishworld.com\/sobre-nosotros\/"},"modified":"2022-02-03T17:52:30","modified_gmt":"2022-02-03T16:52:30","slug":"about-us-shortish","status":"publish","type":"page","link":"https:\/\/shortishworld.com\/en\/about-us-shortish\/","title":{"rendered":"ABOUT US GENERAL"},"content":{"rendered":"<p>[spb_row element_name=&#8221;Row&#8221; wrap_type=&#8221;full-width-stretch&#8221; row_bg_type=&#8221;color&#8221; color_row_height=&#8221;content-height&#8221; bg_type=&#8221;cover&#8221; parallax_image_height=&#8221;content-height&#8221; parallax_image_movement=&#8221;fixed&#8221; parallax_image_speed=&#8221;standard&#8221; bg_video_loop=&#8221;yes&#8221; parallax_video_height=&#8221;window-height&#8221; row_top_style=&#8221;none&#8221; row_bottom_style=&#8221;none&#8221; parallax_video_overlay=&#8221;none&#8221; row_overlay_opacity=&#8221;0&#8243; remove_element_spacing=&#8221;yes&#8221; row_col_spacing=&#8221;0&#8243; row_col_pos=&#8221;default&#8221; row_col_equal_heights=&#8221;no&#8221; row_expanding=&#8221;no&#8221; row_animation=&#8221;none&#8221; row_animation_delay=&#8221;0&#8243; minimize_row=&#8221;no&#8221; simplified_controls=&#8221;yes&#8221; custom_css_percentage=&#8221;no&#8221; custom_css=&#8221;margin-top: 0px;margin-bottom: 0px;&#8221; border_styling_global=&#8221;default&#8221; width=&#8221;1\/1&#8243; el_position=&#8221;first last&#8221;] [spb_text_block animation=&#8221;none&#8221; animation_delay=&#8221;0&#8243; simplified_controls=&#8221;yes&#8221; custom_css_percentage=&#8221;no&#8221; padding_vertical=&#8221;0&#8243; padding_horizontal=&#8221;0&#8243; margin_vertical=&#8221;0&#8243; custom_css=&#8221;margin-top: 0px;margin-bottom: 0px;&#8221; border_size=&#8221;0&#8243; border_styling_global=&#8221;default&#8221; width=&#8221;1\/1&#8243; el_position=&#8221;first last&#8221;]<\/p>\n<h1 style=\"text-align: center;\">ABOUT US<\/h1>\n<hr \/>\n<h1 style=\"text-align: center;\"><\/h1>\n<p>[\/spb_text_block] [spb_blank_spacer height=&#8221;30px&#8221; width=&#8221;1\/4&#8243; el_position=&#8221;first&#8221;] [spb_text_block animation=&#8221;none&#8221; animation_delay=&#8221;0&#8243; simplified_controls=&#8221;yes&#8221; custom_css_percentage=&#8221;no&#8221; padding_vertical=&#8221;0&#8243; padding_horizontal=&#8221;0&#8243; margin_vertical=&#8221;0&#8243; custom_css=&#8221;margin-top: 0px;margin-bottom: 0px;&#8221; border_size=&#8221;0&#8243; border_styling_global=&#8221;default&#8221; width=&#8221;1\/2&#8243;]<\/p>\n<p style=\"text-align: center;\">It all begins in Madrid.<\/p>\n<p style=\"text-align: center;\">In a room at home, with two homemade sewing machines, without any support and with very clear ideas.<\/p>\n<p style=\"text-align: center;\">The room that used to be full of threads and pins on the floor has been filled with toys and stories.<\/p>\n<p style=\"text-align: center;\">A few kilometres from our office, the first machines we had are still there, in the workshop where all the clothes we design are now made, so that we never lose sight of our essence.<\/p>\n<p style=\"text-align: center;\">The idea of our little ones creating their own identity, and discovering that they have a unique personality has not changed, and will not change. The most exciting thing so far is to be able to drive that discovery through our garments and to feel the support of our customers, with whom we share that desire to improve their future.<\/p>\n<p>[\/spb_text_block] [spb_blank_spacer height=&#8221;30px&#8221; width=&#8221;1\/4&#8243; el_position=&#8221;last&#8221;] [spb_column col_sm=&#8221;6&#8243; padding_horizontal=&#8221;0&#8243; width=&#8221;1\/2&#8243; el_position=&#8221;first&#8221;] [spb_image image=&#8221;44417&#8243; image_size=&#8221;full&#8221; frame=&#8221;noframe&#8221; caption_pos=&#8221;hover&#8221; remove_rounded=&#8221;yes&#8221; fullwidth=&#8221;no&#8221; overflow_mode=&#8221;none&#8221; image_link=&#8221;https:\/\/shortishworld.com\/en\/our-story\/&#8221; link_target=&#8221;_self&#8221; lightbox=&#8221;no&#8221; intro_animation=&#8221;none&#8221; animation_delay=&#8221;200&#8243; width=&#8221;1\/1&#8243; el_position=&#8221;first last&#8221;][\/spb_image] [spb_text_block animation=&#8221;none&#8221; animation_delay=&#8221;0&#8243; simplified_controls=&#8221;yes&#8221; custom_css_percentage=&#8221;no&#8221; padding_vertical=&#8221;0&#8243; padding_horizontal=&#8221;0&#8243; margin_vertical=&#8221;0&#8243; custom_css=&#8221;margin-top: 0px;margin-bottom: 0px;&#8221; border_size=&#8221;0&#8243; border_styling_global=&#8221;default&#8221; width=&#8221;1\/1&#8243; el_position=&#8221;first last&#8221;]<\/p>\n<h4 style=\"text-align: center;\"><strong>Get to know us in depth. Our beginnings, what has brought us this far<\/strong><\/h4>\n<p>&nbsp;<\/p>\n<p>[\/spb_text_block] [spb_button button_text=&#8221;GO STORY&#8221; button_size=&#8221;standard&#8221; button_colour=&#8221;black&#8221; button_type=&#8221;bordered&#8221; rounded=&#8221;no&#8221; button_dropshadow=&#8221;no&#8221; button_icon=&#8221;fas fa-heart&#8221; button_link=&#8221;https:\/\/shortishworld.com\/en\/our-story\/&#8221; button_target=&#8221;_self&#8221; align=&#8221;center&#8221; animation=&#8221;none&#8221; animation_delay=&#8221;0&#8243; width=&#8221;1\/1&#8243; el_position=&#8221;first last&#8221;] [\/spb_column] [spb_column col_sm=&#8221;6&#8243; padding_horizontal=&#8221;0&#8243; width=&#8221;1\/2&#8243; el_position=&#8221;last&#8221;] [spb_image image=&#8221;44419&#8243; image_size=&#8221;full&#8221; frame=&#8221;noframe&#8221; caption_pos=&#8221;hover&#8221; remove_rounded=&#8221;yes&#8221; fullwidth=&#8221;no&#8221; overflow_mode=&#8221;none&#8221; image_link=&#8221;https:\/\/shortishworld.com\/en\/manifesto\/&#8221; link_target=&#8221;_self&#8221; lightbox=&#8221;no&#8221; intro_animation=&#8221;none&#8221; animation_delay=&#8221;200&#8243; width=&#8221;1\/1&#8243; el_position=&#8221;first last&#8221;][\/spb_image] [spb_text_block animation=&#8221;none&#8221; animation_delay=&#8221;0&#8243; simplified_controls=&#8221;yes&#8221; custom_css_percentage=&#8221;no&#8221; padding_vertical=&#8221;0&#8243; padding_horizontal=&#8221;0&#8243; margin_vertical=&#8221;0&#8243; custom_css=&#8221;margin-top: 0px;margin-bottom: 0px;&#8221; border_size=&#8221;0&#8243; border_styling_global=&#8221;default&#8221; width=&#8221;1\/1&#8243; el_position=&#8221;first last&#8221;]<\/p>\n<h4 style=\"text-align: center;\"><strong>Find out what makes us tick<\/strong><\/h4>\n<p>&nbsp;<\/p>\n<p>[\/spb_text_block] [spb_button button_text=&#8221;GO MANIFESTO&#8221; button_size=&#8221;standard&#8221; button_colour=&#8221;black&#8221; button_type=&#8221;bordered&#8221; rounded=&#8221;no&#8221; button_dropshadow=&#8221;no&#8221; button_icon=&#8221;fas fa-comment-alt&#8221; button_link=&#8221;https:\/\/shortishworld.com\/en\/manifesto\/&#8221; button_target=&#8221;_self&#8221; align=&#8221;center&#8221; animation=&#8221;none&#8221; animation_delay=&#8221;0&#8243; width=&#8221;1\/1&#8243; el_position=&#8221;first last&#8221;] [\/spb_column] [spb_column col_sm=&#8221;6&#8243; padding_horizontal=&#8221;0&#8243; width=&#8221;1\/2&#8243; el_position=&#8221;first&#8221;] [spb_image image=&#8221;44421&#8243; image_size=&#8221;full&#8221; frame=&#8221;noframe&#8221; caption_pos=&#8221;hover&#8221; remove_rounded=&#8221;yes&#8221; fullwidth=&#8221;no&#8221; overflow_mode=&#8221;none&#8221; image_link=&#8221;https:\/\/shortishworld.com\/en\/our-reflections-and-actions\/&#8221; link_target=&#8221;_self&#8221; lightbox=&#8221;no&#8221; intro_animation=&#8221;none&#8221; animation_delay=&#8221;200&#8243; width=&#8221;1\/1&#8243; el_position=&#8221;first last&#8221;][\/spb_image] [spb_text_block animation=&#8221;none&#8221; animation_delay=&#8221;0&#8243; simplified_controls=&#8221;yes&#8221; custom_css_percentage=&#8221;no&#8221; padding_vertical=&#8221;0&#8243; padding_horizontal=&#8221;0&#8243; margin_vertical=&#8221;0&#8243; custom_css=&#8221;margin-top: 0px;margin-bottom: 0px;&#8221; border_size=&#8221;0&#8243; border_styling_global=&#8221;default&#8221; width=&#8221;1\/1&#8243; el_position=&#8221;first last&#8221;]<\/p>\n<h4 style=\"text-align: center;\"><strong>What matters most to us and what we are doing to achieve it<\/strong><\/h4>\n<p>&nbsp;<\/p>\n<p>[\/spb_text_block] [spb_button button_text=&#8221;PEOPLE &amp; PLANET&#8221; button_size=&#8221;standard&#8221; button_colour=&#8221;black&#8221; button_type=&#8221;bordered&#8221; rounded=&#8221;no&#8221; button_dropshadow=&#8221;no&#8221; button_icon=&#8221;fas fa-cloud-sun&#8221; button_link=&#8221;https:\/\/shortishworld.com\/en\/our-reflections-and-actions\/&#8221; button_target=&#8221;_self&#8221; align=&#8221;center&#8221; animation=&#8221;none&#8221; animation_delay=&#8221;0&#8243; width=&#8221;1\/1&#8243; el_position=&#8221;first last&#8221;] [\/spb_column] [spb_column col_sm=&#8221;6&#8243; padding_horizontal=&#8221;0&#8243; width=&#8221;1\/2&#8243; el_position=&#8221;last&#8221;] [spb_image image=&#8221;44415&#8243; image_size=&#8221;full&#8221; frame=&#8221;noframe&#8221; caption_pos=&#8221;hover&#8221; remove_rounded=&#8221;yes&#8221; fullwidth=&#8221;no&#8221; overflow_mode=&#8221;none&#8221; image_link=&#8221;https:\/\/shortishworld.com\/en\/fair-play&#8221; link_target=&#8221;_self&#8221; lightbox=&#8221;no&#8221; intro_animation=&#8221;none&#8221; animation_delay=&#8221;200&#8243; width=&#8221;1\/1&#8243; el_position=&#8221;first last&#8221;][\/spb_image] [spb_text_block animation=&#8221;none&#8221; animation_delay=&#8221;0&#8243; simplified_controls=&#8221;yes&#8221; custom_css_percentage=&#8221;no&#8221; padding_vertical=&#8221;0&#8243; padding_horizontal=&#8221;0&#8243; margin_vertical=&#8221;0&#8243; custom_css=&#8221;margin-top: 0px;margin-bottom: 0px;&#8221; border_size=&#8221;0&#8243; border_styling_global=&#8221;default&#8221; width=&#8221;1\/1&#8243; el_position=&#8221;first last&#8221;]<\/p>\n<h4 style=\"text-align: center;\"><span style=\"color: #000000;\"><strong>The importance of knowing the whole process and our value chain<\/strong><\/span><\/h4>\n<p>&nbsp;<\/p>\n<p>[\/spb_text_block] [spb_button button_text=&#8221;CERTIFICATES&#8221; button_size=&#8221;standard&#8221; button_colour=&#8221;black&#8221; button_type=&#8221;bordered&#8221; rounded=&#8221;no&#8221; button_dropshadow=&#8221;no&#8221; button_icon=&#8221;fas fa-check&#8221; button_link=&#8221;https:\/\/shortishworld.com\/en\/fair-play&#8221; button_target=&#8221;_self&#8221; align=&#8221;center&#8221; animation=&#8221;none&#8221; animation_delay=&#8221;0&#8243; width=&#8221;1\/1&#8243; el_position=&#8221;first last&#8221;] [\/spb_column] [\/spb_row]<\/p>\n","protected":false},"excerpt":{"rendered":"<p>[spb_row element_name=&#8221;Row&#8221; wrap_type=&#8221;full-width-stretch&#8221; row_bg_type=&#8221;color&#8221; color_row_height=&#8221;content-height&#8221; bg_type=&#8221;cover&#8221; parallax_image_height=&#8221;content-height&#8221; parallax_image_movement=&#8221;fixed&#8221; parallax_image_speed=&#8221;standard&#8221; bg_video_loop=&#8221;yes&#8221; parallax_video_height=&#8221;window-height&#8221; row_top_style=&#8221;none&#8221; row_bottom_style=&#8221;none&#8221; parallax_video_overlay=&#8221;none&#8221; row_overlay_opacity=&#8221;0&#8243; remove_element_spacing=&#8221;yes&#8221; row_col_spacing=&#8221;0&#8243; row_col_pos=&#8221;default&#8221; row_col_equal_heights=&#8221;no&#8221; row_expanding=&#8221;no&#8221; row_animation=&#8221;none&#8221; row_animation_delay=&#8221;0&#8243; minimize_row=&#8221;no&#8221; simplified_controls=&#8221;yes&#8221; custom_css_percentage=&#8221;no&#8221; custom_css=&#8221;margin-top: 0px;margin-bottom: 0px;&#8221; border_styling_global=&#8221;default&#8221; width=&#8221;1\/1&#8243; el_position=&#8221;first last&#8221;] [spb_text_block animation=&#8221;none&#8221; animation_delay=&#8221;0&#8243; simplified_controls=&#8221;yes&#8221; custom_css_percentage=&#8221;no&#8221; padding_vertical=&#8221;0&#8243; padding_horizontal=&#8221;0&#8243; margin_vertical=&#8221;0&#8243; custom_css=&#8221;margin-top: 0px;margin-bottom: 0px;&#8221; border_size=&#8221;0&#8243; border_styling_global=&#8221;default&#8221; width=&#8221;1\/1&#8243; el_position=&#8221;first last&#8221;] ABOUT US [\/spb_text_block] [spb_blank_spacer height=&#8221;30px&#8221; width=&#8221;1\/4&#8243; el_position=&#8221;first&#8221;] [spb_text_block animation=&#8221;none&#8221; animation_delay=&#8221;0&#8243; simplified_controls=&#8221;yes&#8221; custom_css_percentage=&#8221;no&#8221; [&hellip;]<\/p>\n","protected":false},"author":296,"featured_media":0,"parent":0,"menu_order":0,"comment_status":"closed","ping_status":"closed","template":"","meta":{"_acf_changed":false,"_exactmetrics_skip_tracking":false,"_exactmetrics_sitenote_active":false,"_exactmetrics_sitenote_note":"","_exactmetrics_sitenote_category":0,"_joinchat":[],"footnotes":""},"class_list":["post-44688","page","type-page","status-publish","hentry"],"acf":[],"yoast_head":"<!-- This site is optimized with the Yoast SEO plugin v27.3 - https:\/\/yoast.com\/product\/yoast-seo-wordpress\/ -->\n<title>ABOUT US GENERAL - SHORTISH<\/title>\n<meta name=\"description\" content=\"Todo comienza en Madrid.En una habitaci\u00f3n de casa, con dos m\u00e1quinas de coser caseras, sin ning\u00fan apoyo y con las ideas muy claras.La habitaci\u00f3n en la que antes hab\u00eda hilos y alfileres por el suelo, se ha llenado de juguetes y cuentos.A pocos kil\u00f3metros de nuestra oficina, siguen las primeras m\u00e1quinas que tuvimos, en el taller donde ahora se confecciona toda la ropa que dise\u00f1amos, para no perder nunca de vista nuestra esencia.La idea de que nuestros peque\u00f1os creen su propia identidad, y descubran que tienen una personalidad \u00fanica no ha cambiado, ni cambiar\u00e1. Lo m\u00e1s emocionante hasta ahora, es poder impulsar ese descubrimiento a trav\u00e9s de nuestras prendas y sentir el apoyo de los clientes, con los que compartimos ese deseo de mejorar su futuro.\" \/>\n<meta name=\"robots\" content=\"index, follow, max-snippet:-1, max-image-preview:large, max-video-preview:-1\" \/>\n<link rel=\"canonical\" href=\"https:\/\/shortishworld.com\/en\/about-us-shortish\/\" \/>\n<meta property=\"og:locale\" content=\"en_US\" \/>\n<meta property=\"og:type\" content=\"article\" \/>\n<meta property=\"og:title\" content=\"ABOUT US GENERAL - SHORTISH\" \/>\n<meta property=\"og:description\" content=\"Todo comienza en Madrid.En una habitaci\u00f3n de casa, con dos m\u00e1quinas de coser caseras, sin ning\u00fan apoyo y con las ideas muy claras.La habitaci\u00f3n en la que antes hab\u00eda hilos y alfileres por el suelo, se ha llenado de juguetes y cuentos.A pocos kil\u00f3metros de nuestra oficina, siguen las primeras m\u00e1quinas que tuvimos, en el taller donde ahora se confecciona toda la ropa que dise\u00f1amos, para no perder nunca de vista nuestra esencia.La idea de que nuestros peque\u00f1os creen su propia identidad, y descubran que tienen una personalidad \u00fanica no ha cambiado, ni cambiar\u00e1. Lo m\u00e1s emocionante hasta ahora, es poder impulsar ese descubrimiento a trav\u00e9s de nuestras prendas y sentir el apoyo de los clientes, con los que compartimos ese deseo de mejorar su futuro.\" \/>\n<meta property=\"og:url\" content=\"https:\/\/shortishworld.com\/en\/about-us-shortish\/\" \/>\n<meta property=\"og:site_name\" content=\"SHORTISH\" \/>\n<meta property=\"article:publisher\" content=\"https:\/\/www.facebook.com\/Shortishworld\/\" \/>\n<meta property=\"article:modified_time\" content=\"2022-02-03T16:52:30+00:00\" \/>\n<meta name=\"twitter:card\" content=\"summary_large_image\" \/>\n<meta name=\"twitter:label1\" content=\"Est. reading time\" \/>\n\t<meta name=\"twitter:data1\" content=\"3 minutes\" \/>\n<script type=\"application\/ld+json\" class=\"yoast-schema-graph\">{\"@context\":\"https:\\\/\\\/schema.org\",\"@graph\":[{\"@type\":\"WebPage\",\"@id\":\"https:\\\/\\\/shortishworld.com\\\/en\\\/about-us-shortish\\\/\",\"url\":\"https:\\\/\\\/shortishworld.com\\\/en\\\/about-us-shortish\\\/\",\"name\":\"ABOUT US GENERAL - SHORTISH\",\"isPartOf\":{\"@id\":\"https:\\\/\\\/shortishworld.com\\\/en\\\/#website\"},\"datePublished\":\"2021-12-02T14:41:38+00:00\",\"dateModified\":\"2022-02-03T16:52:30+00:00\",\"description\":\"Todo comienza en Madrid.En una habitaci\u00f3n de casa, con dos m\u00e1quinas de coser caseras, sin ning\u00fan apoyo y con las ideas muy claras.La habitaci\u00f3n en la que antes hab\u00eda hilos y alfileres por el suelo, se ha llenado de juguetes y cuentos.A pocos kil\u00f3metros de nuestra oficina, siguen las primeras m\u00e1quinas que tuvimos, en el taller donde ahora se confecciona toda la ropa que dise\u00f1amos, para no perder nunca de vista nuestra esencia.La idea de que nuestros peque\u00f1os creen su propia identidad, y descubran que tienen una personalidad \u00fanica no ha cambiado, ni cambiar\u00e1. Lo m\u00e1s emocionante hasta ahora, es poder impulsar ese descubrimiento a trav\u00e9s de nuestras prendas y sentir el apoyo de los clientes, con los que compartimos ese deseo de mejorar su futuro.\",\"breadcrumb\":{\"@id\":\"https:\\\/\\\/shortishworld.com\\\/en\\\/about-us-shortish\\\/#breadcrumb\"},\"inLanguage\":\"en-US\",\"potentialAction\":[{\"@type\":\"ReadAction\",\"target\":[\"https:\\\/\\\/shortishworld.com\\\/en\\\/about-us-shortish\\\/\"]}]},{\"@type\":\"BreadcrumbList\",\"@id\":\"https:\\\/\\\/shortishworld.com\\\/en\\\/about-us-shortish\\\/#breadcrumb\",\"itemListElement\":[{\"@type\":\"ListItem\",\"position\":1,\"name\":\"Home\",\"item\":\"https:\\\/\\\/shortishworld.com\\\/en\\\/\"},{\"@type\":\"ListItem\",\"position\":2,\"name\":\"ABOUT US GENERAL\"}]},{\"@type\":\"WebSite\",\"@id\":\"https:\\\/\\\/shortishworld.com\\\/en\\\/#website\",\"url\":\"https:\\\/\\\/shortishworld.com\\\/en\\\/\",\"name\":\"SHORTISH\",\"description\":\"Ropa urbana sostenible para ni&ntilde;os inconformistas\",\"publisher\":{\"@id\":\"https:\\\/\\\/shortishworld.com\\\/en\\\/#organization\"},\"potentialAction\":[{\"@type\":\"SearchAction\",\"target\":{\"@type\":\"EntryPoint\",\"urlTemplate\":\"https:\\\/\\\/shortishworld.com\\\/en\\\/?s={search_term_string}\"},\"query-input\":{\"@type\":\"PropertyValueSpecification\",\"valueRequired\":true,\"valueName\":\"search_term_string\"}}],\"inLanguage\":\"en-US\"},{\"@type\":\"Organization\",\"@id\":\"https:\\\/\\\/shortishworld.com\\\/en\\\/#organization\",\"name\":\"SHORTISH\",\"url\":\"https:\\\/\\\/shortishworld.com\\\/en\\\/\",\"logo\":{\"@type\":\"ImageObject\",\"inLanguage\":\"en-US\",\"@id\":\"https:\\\/\\\/shortishworld.com\\\/en\\\/#\\\/schema\\\/logo\\\/image\\\/\",\"url\":\"https:\\\/\\\/shortishworld.com\\\/wp-content\\\/uploads\\\/2014\\\/12\\\/Logo-Shortish-72ppp-01-e1504825688244.png\",\"contentUrl\":\"https:\\\/\\\/shortishworld.com\\\/wp-content\\\/uploads\\\/2014\\\/12\\\/Logo-Shortish-72ppp-01-e1504825688244.png\",\"width\":226,\"height\":226,\"caption\":\"SHORTISH\"},\"image\":{\"@id\":\"https:\\\/\\\/shortishworld.com\\\/en\\\/#\\\/schema\\\/logo\\\/image\\\/\"},\"sameAs\":[\"https:\\\/\\\/www.facebook.com\\\/Shortishworld\\\/\",\"https:\\\/\\\/www.instagram.com\\\/shortishworld\\\/\"]}]}<\/script>\n<!-- \/ Yoast SEO plugin. -->","yoast_head_json":{"title":"ABOUT US GENERAL - SHORTISH","description":"Todo comienza en Madrid.En una habitaci\u00f3n de casa, con dos m\u00e1quinas de coser caseras, sin ning\u00fan apoyo y con las ideas muy claras.La habitaci\u00f3n en la que antes hab\u00eda hilos y alfileres por el suelo, se ha llenado de juguetes y cuentos.A pocos kil\u00f3metros de nuestra oficina, siguen las primeras m\u00e1quinas que tuvimos, en el taller donde ahora se confecciona toda la ropa que dise\u00f1amos, para no perder nunca de vista nuestra esencia.La idea de que nuestros peque\u00f1os creen su propia identidad, y descubran que tienen una personalidad \u00fanica no ha cambiado, ni cambiar\u00e1. Lo m\u00e1s emocionante hasta ahora, es poder impulsar ese descubrimiento a trav\u00e9s de nuestras prendas y sentir el apoyo de los clientes, con los que compartimos ese deseo de mejorar su futuro.","robots":{"index":"index","follow":"follow","max-snippet":"max-snippet:-1","max-image-preview":"max-image-preview:large","max-video-preview":"max-video-preview:-1"},"canonical":"https:\/\/shortishworld.com\/en\/about-us-shortish\/","og_locale":"en_US","og_type":"article","og_title":"ABOUT US GENERAL - SHORTISH","og_description":"Todo comienza en Madrid.En una habitaci\u00f3n de casa, con dos m\u00e1quinas de coser caseras, sin ning\u00fan apoyo y con las ideas muy claras.La habitaci\u00f3n en la que antes hab\u00eda hilos y alfileres por el suelo, se ha llenado de juguetes y cuentos.A pocos kil\u00f3metros de nuestra oficina, siguen las primeras m\u00e1quinas que tuvimos, en el taller donde ahora se confecciona toda la ropa que dise\u00f1amos, para no perder nunca de vista nuestra esencia.La idea de que nuestros peque\u00f1os creen su propia identidad, y descubran que tienen una personalidad \u00fanica no ha cambiado, ni cambiar\u00e1. Lo m\u00e1s emocionante hasta ahora, es poder impulsar ese descubrimiento a trav\u00e9s de nuestras prendas y sentir el apoyo de los clientes, con los que compartimos ese deseo de mejorar su futuro.","og_url":"https:\/\/shortishworld.com\/en\/about-us-shortish\/","og_site_name":"SHORTISH","article_publisher":"https:\/\/www.facebook.com\/Shortishworld\/","article_modified_time":"2022-02-03T16:52:30+00:00","twitter_card":"summary_large_image","twitter_misc":{"Est. reading time":"3 minutes"},"schema":{"@context":"https:\/\/schema.org","@graph":[{"@type":"WebPage","@id":"https:\/\/shortishworld.com\/en\/about-us-shortish\/","url":"https:\/\/shortishworld.com\/en\/about-us-shortish\/","name":"ABOUT US GENERAL - SHORTISH","isPartOf":{"@id":"https:\/\/shortishworld.com\/en\/#website"},"datePublished":"2021-12-02T14:41:38+00:00","dateModified":"2022-02-03T16:52:30+00:00","description":"Todo comienza en Madrid.En una habitaci\u00f3n de casa, con dos m\u00e1quinas de coser caseras, sin ning\u00fan apoyo y con las ideas muy claras.La habitaci\u00f3n en la que antes hab\u00eda hilos y alfileres por el suelo, se ha llenado de juguetes y cuentos.A pocos kil\u00f3metros de nuestra oficina, siguen las primeras m\u00e1quinas que tuvimos, en el taller donde ahora se confecciona toda la ropa que dise\u00f1amos, para no perder nunca de vista nuestra esencia.La idea de que nuestros peque\u00f1os creen su propia identidad, y descubran que tienen una personalidad \u00fanica no ha cambiado, ni cambiar\u00e1. Lo m\u00e1s emocionante hasta ahora, es poder impulsar ese descubrimiento a trav\u00e9s de nuestras prendas y sentir el apoyo de los clientes, con los que compartimos ese deseo de mejorar su futuro.","breadcrumb":{"@id":"https:\/\/shortishworld.com\/en\/about-us-shortish\/#breadcrumb"},"inLanguage":"en-US","potentialAction":[{"@type":"ReadAction","target":["https:\/\/shortishworld.com\/en\/about-us-shortish\/"]}]},{"@type":"BreadcrumbList","@id":"https:\/\/shortishworld.com\/en\/about-us-shortish\/#breadcrumb","itemListElement":[{"@type":"ListItem","position":1,"name":"Home","item":"https:\/\/shortishworld.com\/en\/"},{"@type":"ListItem","position":2,"name":"ABOUT US GENERAL"}]},{"@type":"WebSite","@id":"https:\/\/shortishworld.com\/en\/#website","url":"https:\/\/shortishworld.com\/en\/","name":"SHORTISH","description":"Ropa urbana sostenible para ni&ntilde;os inconformistas","publisher":{"@id":"https:\/\/shortishworld.com\/en\/#organization"},"potentialAction":[{"@type":"SearchAction","target":{"@type":"EntryPoint","urlTemplate":"https:\/\/shortishworld.com\/en\/?s={search_term_string}"},"query-input":{"@type":"PropertyValueSpecification","valueRequired":true,"valueName":"search_term_string"}}],"inLanguage":"en-US"},{"@type":"Organization","@id":"https:\/\/shortishworld.com\/en\/#organization","name":"SHORTISH","url":"https:\/\/shortishworld.com\/en\/","logo":{"@type":"ImageObject","inLanguage":"en-US","@id":"https:\/\/shortishworld.com\/en\/#\/schema\/logo\/image\/","url":"https:\/\/shortishworld.com\/wp-content\/uploads\/2014\/12\/Logo-Shortish-72ppp-01-e1504825688244.png","contentUrl":"https:\/\/shortishworld.com\/wp-content\/uploads\/2014\/12\/Logo-Shortish-72ppp-01-e1504825688244.png","width":226,"height":226,"caption":"SHORTISH"},"image":{"@id":"https:\/\/shortishworld.com\/en\/#\/schema\/logo\/image\/"},"sameAs":["https:\/\/www.facebook.com\/Shortishworld\/","https:\/\/www.instagram.com\/shortishworld\/"]}]}},"_links":{"self":[{"href":"https:\/\/shortishworld.com\/en\/wp-json\/wp\/v2\/pages\/44688","targetHints":{"allow":["GET"]}}],"collection":[{"href":"https:\/\/shortishworld.com\/en\/wp-json\/wp\/v2\/pages"}],"about":[{"href":"https:\/\/shortishworld.com\/en\/wp-json\/wp\/v2\/types\/page"}],"author":[{"embeddable":true,"href":"https:\/\/shortishworld.com\/en\/wp-json\/wp\/v2\/users\/296"}],"replies":[{"embeddable":true,"href":"https:\/\/shortishworld.com\/en\/wp-json\/wp\/v2\/comments?post=44688"}],"version-history":[{"count":3,"href":"https:\/\/shortishworld.com\/en\/wp-json\/wp\/v2\/pages\/44688\/revisions"}],"predecessor-version":[{"id":44876,"href":"https:\/\/shortishworld.com\/en\/wp-json\/wp\/v2\/pages\/44688\/revisions\/44876"}],"wp:attachment":[{"href":"https:\/\/shortishworld.com\/en\/wp-json\/wp\/v2\/media?parent=44688"}],"curies":[{"name":"wp","href":"https:\/\/api.w.org\/{rel}","templated":true}]}}